{"id":35229,"date":"2010-05-10T12:56:00","date_gmt":"2010-05-10T04:56:00","guid":{"rendered":"https:\/\/www.runntech.com\/about-us\/"},"modified":"2024-05-17T15:22:03","modified_gmt":"2024-05-17T07:22:03","slug":"about-us","status":"publish","type":"page","link":"https:\/\/www.runntech.com\/es\/about-us\/","title":{"rendered":"Sobre"},"content":{"rendered":"<p>RunnTech [\/r\u0259n\u02c8tek\/] RunnTech se especializa en la investigaci\u00f3n, desarrollo y fabricaci\u00f3n de joysticks y controladores (con potenci\u00f3metro o sensores Hall) para aplicaciones industriales. Todos nuestros joysticks y controladores est\u00e1n aprobados por la CE y cumplen con la normativa RoHS, y se utilizan principalmente en el control proporcional hidr\u00e1ulico o en el control de motores de frecuencia variable, como en el control de gr\u00faas, cabrestantes de miner\u00eda, plataformas elevadoras tipo tijera, equipos de perforaci\u00f3n en alta mar, maquinaria mar\u00edtima, maquinaria de torneado CNC, mesas de control de laminadoras, rob\u00f3tica industrial, m\u00e1quinas de soldadura o corte, equipos de edici\u00f3n de audio y video, sistemas de control CCTV de fotograf\u00eda, sistemas de imagen m\u00e9dica, cargadores, gr\u00faas, tractores, cosechadoras, excavadoras, m\u00e1quinas de tunelado con escudo, mesas giratorias (plataformas de perforaci\u00f3n), carretillas elevadoras el\u00e9ctricas, simuladores de equipos, etc.<\/p>\n<p>Nuestra empresa est\u00e1 ubicada en el Delta del R\u00edo Yangts\u00e9, una regi\u00f3n econ\u00f3mica desarrollada y din\u00e1mica en el este de China. La ciudad de Changzhou se encuentra a unos 180 km de Shangh\u00e1i y a 260 km de Hangzhou.<\/p>\n<p>Con el objetivo de ofrecer a nuestros clientes productos y servicios satisfactorios, siempre nos dedicamos a mejorar la calidad de los productos e implementar de manera inquebrantable un modo de gesti\u00f3n orientado al cliente. Creemos que seremos su socio confiable en el campo del control industrial a trav\u00e9s de nuestras mejores soluciones y excelentes servicios. Esperamos colaborar sinceramente con usted para crear un futuro y perspectivas brillantes.<\/p>\n<p><strong>Declaraci\u00f3n de Misi\u00f3n y Filosof\u00eda Empresarial<\/strong><\/p>\n<p>Declaraci\u00f3n de Misi\u00f3n<\/p>\n<p>Estamos comprometidos a lograr un crecimiento sostenible en beneficio de nuestros grupos de inter\u00e9s, proporcionando una amplia gama de productos de alta calidad de Joystick y Controlador para aplicaciones industriales, y fomentando relaciones mutuamente beneficiosas con todos nuestros clientes.<\/p>\n<p>Filosof\u00eda Empresarial<\/p>\n<p>\u2013 Colocamos a nuestros clientes en primer lugar y nos esforzamos por satisfacer sus demandas a trav\u00e9s de soluciones innovadoras y receptivas.<\/p>\n<p>\u2013 Valoramos a nuestros empleados y buscamos ayudarlos a alcanzar su m\u00e1ximo potencial.<\/p>\n<p>\u2013 Abrazamos el profesionalismo y buscamos la excelencia en todo lo que hacemos.<\/p>\n<p>\u2013 Trabajar en conjunto con nuestros empleados y contribuir a las comunidades en las que operamos.<\/p>\n","protected":false},"excerpt":{"rendered":"<p>RunnTech [\/r\u0259n\u02c8tek\/] RunnTech se especializa en la investigaci\u00f3n, desarrollo y fabricaci\u00f3n de joysticks y controladores (con potenci\u00f3metro o sensores Hall) para aplicaciones industriales. Todos nuestros joysticks y controladores est\u00e1n aprobados por la CE y cumplen con la normativa RoHS, y se utilizan principalmente en el control proporcional hidr\u00e1ulico o en el control de motores de&hellip;<\/p>\n","protected":false},"author":2,"featured_media":0,"parent":0,"menu_order":0,"comment_status":"closed","ping_status":"closed","template":"","meta":{"footnotes":""},"class_list":["post-35229","page","type-page","status-publish","hentry","description-off"],"aioseo_notices":[],"_links":{"self":[{"href":"https:\/\/www.runntech.com\/es\/wp-json\/wp\/v2\/pages\/35229","targetHints":{"allow":["GET"]}}],"collection":[{"href":"https:\/\/www.runntech.com\/es\/wp-json\/wp\/v2\/pages"}],"about":[{"href":"https:\/\/www.runntech.com\/es\/wp-json\/wp\/v2\/types\/page"}],"author":[{"embeddable":true,"href":"https:\/\/www.runntech.com\/es\/wp-json\/wp\/v2\/users\/2"}],"replies":[{"embeddable":true,"href":"https:\/\/www.runntech.com\/es\/wp-json\/wp\/v2\/comments?post=35229"}],"version-history":[{"count":4,"href":"https:\/\/www.runntech.com\/es\/wp-json\/wp\/v2\/pages\/35229\/revisions"}],"predecessor-version":[{"id":35506,"href":"https:\/\/www.runntech.com\/es\/wp-json\/wp\/v2\/pages\/35229\/revisions\/35506"}],"wp:attachment":[{"href":"https:\/\/www.runntech.com\/es\/wp-json\/wp\/v2\/media?parent=35229"}],"curies":[{"name":"wp","href":"https:\/\/api.w.org\/{rel}","templated":true}]}}