{"id":35436,"date":"2020-08-09T15:33:00","date_gmt":"2020-08-09T07:33:00","guid":{"rendered":"https:\/\/www.runntech.com\/about-us\/faqs\/"},"modified":"2024-05-18T17:26:36","modified_gmt":"2024-05-18T09:26:36","slug":"faqs","status":"publish","type":"page","link":"https:\/\/www.runntech.com\/es\/about-us\/faqs\/","title":{"rendered":"FAQs"},"content":{"rendered":"<div class=\"wpb-content-wrapper\"><p>[vc_row][vc_column][vc_toggle title=\u00bb\u00bfTiene una lista de precios?\u00bb style=\u00bbarrow\u00bb]No, no tenemos una lista de precios disponible. Por favor, p\u00f3ngase en contacto con nuestro equipo de ventas para obtener precios.<\/p>\n<ul>\n<li>Env\u00edenos su consulta por correo electr\u00f3nico <a href=\"mailto:info@runntech.com\">info@runntech.com<\/a>.<\/li>\n<li>Env\u00ede un mensaje por Skype a: runntech<\/li>\n<li>Ll\u00e1menos al:+86 519 8223 0053<\/li>\n<li>Env\u00ede un mensaje de WhatsApp a: +86 139 1231 6230<\/li>\n<li>Env\u00ede su consulta a trav\u00e9s de nuestro <a href=\"https:\/\/www.runntech.com\/es\/contact-us\/\">website contact form<\/a><\/li>\n<\/ul>\n<p>[\/vc_toggle][vc_toggle title=\u00bb\u00bfTienen una cantidad m\u00ednima de pedido (MOQ)?\u00bb style=\u00bbarrow\u00bb]No, no tenemos un requisito de cantidad m\u00ednima de pedido.[\/vc_toggle][vc_toggle title=\u00bb\u00bfC\u00f3mo puedo hacer un pedido con ustedes?\u00bb style=\u00bbarrow\u00bb]Por favor, env\u00ede sus pedidos (PO) a nuestra direcci\u00f3n de correo electr\u00f3nico: <a href=\"mailto:info@runntech.com\">info@runntech.com<\/a><br \/>\nNuestro equipo de atenci\u00f3n al cliente deber\u00eda responder dentro de 24 horas. Si no recibe respuesta, por favor, cont\u00e1ctenos al +86 139 1231 6230.[\/vc_toggle][vc_toggle title=\u00bb\u00bfQu\u00e9 empresas de mensajer\u00eda utilizan para el env\u00edo?\u00bb style=\u00bbarrow\u00bb]RunnTech realiza entregas a trav\u00e9s de UPS, FedEx, DHL, TNT o SF Express y selecciona mensajer\u00edas regionales. No realizamos entregas a trav\u00e9s del Servicio Postal.<\/p>\n<p>Tambi\u00e9n puede utilizar su propia cuenta de mensajer\u00eda para organizar env\u00edos.[\/vc_toggle][vc_toggle title=\u00bb\u00bfCu\u00e1l es su pol\u00edtica de garant\u00eda de calidad?\u00bb style=\u00bbarrow\u00bb]RunnTech ofrece una garant\u00eda de 12 meses para joysticks y controladores industriales.[\/vc_toggle][\/vc_column][\/vc_row]<\/p>\n<\/div>","protected":false},"excerpt":{"rendered":"<p>[vc_row][vc_column][vc_toggle title=\u00bb\u00bfTiene una lista de precios?\u00bb style=\u00bbarrow\u00bb]No, no tenemos una lista de precios disponible. Por favor, p\u00f3ngase en contacto con nuestro equipo de ventas para obtener precios. Env\u00edenos su consulta por correo electr\u00f3nico info@runntech.com. Env\u00ede un mensaje por Skype a: runntech Ll\u00e1menos al:+86 519 8223 0053 Env\u00ede un mensaje de WhatsApp a: +86 139 1231&hellip;<\/p>\n","protected":false},"author":2,"featured_media":0,"parent":35229,"menu_order":0,"comment_status":"closed","ping_status":"closed","template":"","meta":{"footnotes":""},"class_list":["post-35436","page","type-page","status-publish","hentry","description-off"],"aioseo_notices":[],"_links":{"self":[{"href":"https:\/\/www.runntech.com\/es\/wp-json\/wp\/v2\/pages\/35436","targetHints":{"allow":["GET"]}}],"collection":[{"href":"https:\/\/www.runntech.com\/es\/wp-json\/wp\/v2\/pages"}],"about":[{"href":"https:\/\/www.runntech.com\/es\/wp-json\/wp\/v2\/types\/page"}],"author":[{"embeddable":true,"href":"https:\/\/www.runntech.com\/es\/wp-json\/wp\/v2\/users\/2"}],"replies":[{"embeddable":true,"href":"https:\/\/www.runntech.com\/es\/wp-json\/wp\/v2\/comments?post=35436"}],"version-history":[{"count":6,"href":"https:\/\/www.runntech.com\/es\/wp-json\/wp\/v2\/pages\/35436\/revisions"}],"predecessor-version":[{"id":35538,"href":"https:\/\/www.runntech.com\/es\/wp-json\/wp\/v2\/pages\/35436\/revisions\/35538"}],"up":[{"embeddable":true,"href":"https:\/\/www.runntech.com\/es\/wp-json\/wp\/v2\/pages\/35229"}],"wp:attachment":[{"href":"https:\/\/www.runntech.com\/es\/wp-json\/wp\/v2\/media?parent=35436"}],"curies":[{"name":"wp","href":"https:\/\/api.w.org\/{rel}","templated":true}]}}