{"id":35471,"date":"2008-06-03T11:00:45","date_gmt":"2008-06-03T03:00:45","guid":{"rendered":"https:\/\/www.runntech.com\/quality-management\/"},"modified":"2024-05-18T16:50:08","modified_gmt":"2024-05-18T08:50:08","slug":"quality-management","status":"publish","type":"page","link":"https:\/\/www.runntech.com\/es\/quality-management\/","title":{"rendered":"Gesti\u00f3n de la calidad"},"content":{"rendered":"<p>La gesti\u00f3n de la calidad es un contribuyente clave para la satisfacci\u00f3n del cliente. Nos esforzamos por superar las expectativas de los clientes a diario, ofreciendo la m\u00e1xima flexibilidad, enfoque en el cliente y una amplia gama de soluciones. De acuerdo con la norma ISO9001, nuestros procesos de control de calidad son los siguientes:<\/p>\n<p>\u2013 Mejorar la calidad desde la fuente de dise\u00f1o, asegurando que la apariencia del producto sea estable y la estructura sea simple y confiable. Obtener los mejores datos de numerosas pruebas.<\/p>\n<p>\u2013 Los procesos de desarrollo de moldes cumplen con los m\u00e1s altos est\u00e1ndares de la industria para garantizar que cada componente cumpla completamente con los requisitos de dise\u00f1o.<\/p>\n<p>\u2013 Recopilar estad\u00edsticas sobre la cantidad de piezas defectuosas y asegurarse de que las piezas defectuosas no ingresen al almac\u00e9n, para garantizar la operaci\u00f3n estable de la l\u00ednea de ensamblaje.<\/p>\n<p>\u2013 El taller de ensamblaje cumple estrictamente con los est\u00e1ndares internacionales de calidad ISO9001, llevando a cabo inspecciones de puesta en marcha rigurosamente. De esta manera, cada producto cumple completamente con los requisitos de dise\u00f1o.<\/p>\n<p>\u2013 Utilizar embalajes s\u00f3lidos para garantizar la seguridad durante el proceso de transporte.<\/p>\n<p>\u2013 Comunicar eficazmente durante las fases de preventa y posventa para evitar discrepancias en los pedidos.<\/p>\n<p>\u2013 Realizar reuniones de calidad regularmente y capacitar al personal.<\/p>\n","protected":false},"excerpt":{"rendered":"<p>La gesti\u00f3n de la calidad es un contribuyente clave para la satisfacci\u00f3n del cliente. Nos esforzamos por superar las expectativas de los clientes a diario, ofreciendo la m\u00e1xima flexibilidad, enfoque en el cliente y una amplia gama de soluciones. De acuerdo con la norma ISO9001, nuestros procesos de control de calidad son los siguientes: \u2013&hellip;<\/p>\n","protected":false},"author":2,"featured_media":0,"parent":0,"menu_order":0,"comment_status":"closed","ping_status":"closed","template":"","meta":{"footnotes":""},"class_list":["post-35471","page","type-page","status-publish","hentry","description-off"],"aioseo_notices":[],"_links":{"self":[{"href":"https:\/\/www.runntech.com\/es\/wp-json\/wp\/v2\/pages\/35471","targetHints":{"allow":["GET"]}}],"collection":[{"href":"https:\/\/www.runntech.com\/es\/wp-json\/wp\/v2\/pages"}],"about":[{"href":"https:\/\/www.runntech.com\/es\/wp-json\/wp\/v2\/types\/page"}],"author":[{"embeddable":true,"href":"https:\/\/www.runntech.com\/es\/wp-json\/wp\/v2\/users\/2"}],"replies":[{"embeddable":true,"href":"https:\/\/www.runntech.com\/es\/wp-json\/wp\/v2\/comments?post=35471"}],"version-history":[{"count":3,"href":"https:\/\/www.runntech.com\/es\/wp-json\/wp\/v2\/pages\/35471\/revisions"}],"predecessor-version":[{"id":35517,"href":"https:\/\/www.runntech.com\/es\/wp-json\/wp\/v2\/pages\/35471\/revisions\/35517"}],"wp:attachment":[{"href":"https:\/\/www.runntech.com\/es\/wp-json\/wp\/v2\/media?parent=35471"}],"curies":[{"name":"wp","href":"https:\/\/api.w.org\/{rel}","templated":true}]}}