{"id":35553,"date":"2010-05-18T20:18:50","date_gmt":"2010-05-18T12:18:50","guid":{"rendered":"https:\/\/www.runntech.com\/product\/rt100-multi-axis-industrial-proportional-joystick-controller\/"},"modified":"2024-05-20T15:20:03","modified_gmt":"2024-05-20T07:20:03","slug":"rt100-multi-axis-industrial-proportional-joystick-controller","status":"publish","type":"product","link":"https:\/\/www.runntech.com\/es\/product\/rt100-multi-axis-industrial-proportional-joystick-controller\/","title":{"rendered":"Controlador de Joystick Industrial Multieje | RT100"},"content":{"rendered":"<div class=\"wpb-content-wrapper\"><p>\n\tEl controlador de joystick industrial multieje RT100 se utiliza principalmente en el control proporcional hidr\u00e1ulico, el control de motores de frecuencia variable, el control remoto o aplicaciones electrohidr\u00e1ulicas como mesa giratoria (plataforma de perforaci\u00f3n), gr\u00faa, plataformas de trabajo a\u00e9reas, carretillas elevadoras, hidr\u00e1ulica m\u00f3vil, m\u00e1quina tuneladora, polipasto, aplicaciones marinas, maquinaria de construcci\u00f3n, ingenier\u00eda civil, veh\u00edculos militares, veh\u00edculos de cabina, rob\u00f3tica militar, m\u00e1quinas herramienta de precisi\u00f3n, equipos de manejo de materiales, etc.<\/p>\n<p>[vc_row][vc_column]<div class=\"gap\" style=\"line-height: 10px; height: 10px;\"><\/div>[\/vc_column][\/vc_row][vc_row][vc_column]<div class=\"gap\" style=\"line-height: 20px; height: 20px;\"><\/div>[vc_text_separator title=\u00bbGaler\u00eda del Controlador de Joystick Multieje RT100&#8243; el_width=\u00bb80&#8243;][\/vc_column][\/vc_row]<\/p>\n<p>[vc_row][vc_column width=\u00bb1\/4&#8243;][vc_single_image source=\u00bbexternal_link\u00bb external_img_size=\u00bb300&#215;300&#8243; alignment=\u00bbcenter\u00bb custom_src=\u00bbhttps:\/\/www.runntech.com\/uploads\/rt100-joystick-hd1-grip-without-pushbutton.jpg\u00bb][vc_column_text]<\/p>\n<p style=\"text-align: center;\">\n\tHD1 grip\n<\/p>\n<p>[\/vc_column_text][\/vc_column][vc_column width=\u00bb1\/4&#8243;][vc_single_image source=\u00bbexternal_link\u00bb external_img_size=\u00bb300&#215;300&#8243; alignment=\u00bbcenter\u00bb custom_src=\u00bbhttps:\/\/www.runntech.com\/uploads\/rt100-joystick.jpg\u00bb][vc_column_text]<\/p>\n<p style=\"text-align: center;\">\n\tHD1 grip with 1 button\n<\/p>\n<p>[\/vc_column_text][\/vc_column][vc_column width=\u00bb1\/4&#8243;][vc_single_image source=\u00bbexternal_link\u00bb external_img_size=\u00bb300&#215;300&#8243; alignment=\u00bbcenter\u00bb custom_src=\u00bbhttps:\/\/www.runntech.com\/uploads\/rt100-joystick-hd2-ball-shape-grip.jpg\u00bb][vc_column_text]<\/p>\n<p style=\"text-align: center;\">\n\tHD2 ball shape grip\n<\/p>\n<p>[\/vc_column_text][\/vc_column][vc_column width=\u00bb1\/4&#8243;][vc_single_image source=\u00bbexternal_link\u00bb external_img_size=\u00bb300&#215;300&#8243; alignment=\u00bbcenter\u00bb custom_src=\u00bbhttps:\/\/www.runntech.com\/uploads\/rt100-joystick-hd4-grip-without-push-button.jpg\u00bb][vc_column_text]<\/p>\n<p style=\"text-align: center;\">\n\tHD4 grip\n<\/p>\n<p>[\/vc_column_text][\/vc_column][\/vc_row]<\/p>\n<p>[vc_row][vc_column width=\u00bb1\/4&#8243;][vc_single_image source=\u00bbexternal_link\u00bb external_img_size=\u00bb300&#215;300&#8243; alignment=\u00bbcenter\u00bb custom_src=\u00bbhttps:\/\/www.runntech.com\/uploads\/rt100-joystick-hd4-grip-with-1-pushbutton.jpg\u00bb][vc_column_text]<\/p>\n<p style=\"text-align: center;\">\n\tHD4 grip with 1 button\n<\/p>\n<p>[\/vc_column_text][\/vc_column][vc_column width=\u00bb1\/4&#8243;][vc_single_image source=\u00bbexternal_link\u00bb external_img_size=\u00bb300&#215;300&#8243; alignment=\u00bbcenter\u00bb custom_src=\u00bbhttps:\/\/www.runntech.com\/uploads\/rt100-joystick-hd5-grip.jpg\u00bb][vc_column_text]<\/p>\n<p style=\"text-align: center;\">\n\tHD5 grip\n<\/p>\n<p>[\/vc_column_text][\/vc_column][vc_column width=\u00bb1\/4&#8243;][vc_single_image source=\u00bbexternal_link\u00bb external_img_size=\u00bb300&#215;300&#8243; alignment=\u00bbcenter\u00bb custom_src=\u00bbhttps:\/\/www.runntech.com\/uploads\/rt100-joystick-hd7-grip-without-pushbutton.jpg\u00bb][vc_column_text]<\/p>\n<p style=\"text-align: center;\">\n\tHD7 grip\n<\/p>\n<p>[\/vc_column_text][\/vc_column][vc_column width=\u00bb1\/4&#8243;][vc_single_image source=\u00bbexternal_link\u00bb external_img_size=\u00bb300&#215;300&#8243; alignment=\u00bbcenter\u00bb custom_src=\u00bbhttps:\/\/www.runntech.com\/uploads\/rt100-joystick-hd7-grip-with-1-pushbutton.jpg\u00bb][vc_column_text]<\/p>\n<p style=\"text-align: center;\">\n\tHD7 grip with 1 button\n<\/p>\n<p>[\/vc_column_text][\/vc_column][\/vc_row]<\/p>\n<p>[vc_row][vc_column width=\u00bb1\/4&#8243;][vc_single_image source=\u00bbexternal_link\u00bb external_img_size=\u00bb300&#215;300&#8243; alignment=\u00bbcenter\u00bb custom_src=\u00bbhttps:\/\/www.runntech.com\/uploads\/rt100-joystick-hd8-grip.jpg\u00bb][vc_column_text]<\/p>\n<p style=\"text-align: center;\">\n\tHD8 grip\n<\/p>\n<p>[\/vc_column_text][\/vc_column][vc_column width=\u00bb1\/4&#8243;][vc_single_image source=\u00bbexternal_link\u00bb external_img_size=\u00bb300&#215;300&#8243; alignment=\u00bbcenter\u00bb custom_src=\u00bbhttps:\/\/www.runntech.com\/uploads\/rt100-joystick-hd10-without-pushbutton.jpg\u00bb][vc_column_text]<\/p>\n<p style=\"text-align: center;\">\n\tHD10 with deadman without button\n<\/p>\n<p>[\/vc_column_text][\/vc_column][vc_column width=\u00bb1\/4&#8243;][vc_single_image source=\u00bbexternal_link\u00bb external_img_size=\u00bb300&#215;300&#8243; alignment=\u00bbcenter\u00bb custom_src=\u00bbhttps:\/\/www.runntech.com\/uploads\/rt100-joystick-hd10-with-deadman-and-1-pushbutton.jpg\u00bb][vc_column_text]<\/p>\n<p style=\"text-align: center;\">\n\tHD10 with deadman and 1 pushbutton<\/p>\n<p>[\/vc_column_text][\/vc_column][vc_column width=\u00bb1\/4&#8243;][vc_single_image source=\u00bbexternal_link\u00bb external_img_size=\u00bb300&#215;300&#8243; alignment=\u00bbcenter\u00bb custom_src=\u00bbhttps:\/\/www.runntech.com\/uploads\/rt100-joystick-hd10-with-deadman-and-2-pushbutton.jpg\u00bb][vc_column_text]<\/p>\n<p style=\"text-align: center;\">\n\tHD10 with deadman and 2 pushbuttons\n<\/p>\n<p>[\/vc_column_text][\/vc_column][\/vc_row]<\/p>\n<p>[vc_row][vc_column width=\u00bb1\/4&#8243;][vc_single_image source=\u00bbexternal_link\u00bb external_img_size=\u00bb300&#215;300&#8243; alignment=\u00bbcenter\u00bb custom_src=\u00bbhttps:\/\/www.runntech.com\/uploads\/rt100-joystick-hd10-with-deadman-and-3-pushbutton.jpg\u00bb][vc_column_text]<\/p>\n<p style=\"text-align: center;\">\n\tHD10 with deadman and 3 pushbuttons\n<\/p>\n<p>[\/vc_column_text][\/vc_column][vc_column width=\u00bb1\/4&#8243;][vc_single_image source=\u00bbexternal_link\u00bb external_img_size=\u00bb300&#215;300&#8243; alignment=\u00bbcenter\u00bb custom_src=\u00bbhttps:\/\/www.runntech.com\/uploads\/rt100-joystick-hd10-with-deadman-and-4-pushbutton.jpg\u00bb][vc_column_text]<\/p>\n<p style=\"text-align: center;\">\n\tHD10 with deadman and 4 pushbuttons\n<\/p>\n<p>[\/vc_column_text][\/vc_column][vc_column width=\u00bb1\/4&#8243;][vc_single_image source=\u00bbexternal_link\u00bb external_img_size=\u00bb300&#215;300&#8243; alignment=\u00bbcenter\u00bb custom_src=\u00bbhttps:\/\/www.runntech.com\/uploads\/rt100-joystick-hd10-with-deadman-and-5-pushbutton.jpg\u00bb][vc_column_text]<\/p>\n<p style=\"text-align: center;\">\n\tHD10 with deadman and 5 pushbuttons\n<\/p>\n<p>[\/vc_column_text][\/vc_column][vc_column width=\u00bb1\/4&#8243;][vc_single_image source=\u00bbexternal_link\u00bb external_img_size=\u00bb300&#215;300&#8243; alignment=\u00bbcenter\u00bb custom_src=\u00bbhttps:\/\/www.runntech.com\/uploads\/rt100-joystick-hd10-with-deadman-and-6-pushbutton.jpg\u00bb][vc_column_text]<\/p>\n<p style=\"text-align: center;\">\n\tHD10 with deadman and 6 pushbuttons\n<\/p>\n<p>[\/vc_column_text][\/vc_column][\/vc_row]<\/p>\n<p>[vc_row][vc_column width=\u00bb1\/4&#8243;][vc_single_image source=\u00bbexternal_link\u00bb external_img_size=\u00bb300&#215;300&#8243; alignment=\u00bbcenter\u00bb custom_src=\u00bbhttps:\/\/www.runntech.com\/uploads\/rt100-joystick-hd10-with-deadman-1-thumbwheel-2-momentary-push-buttons.jpg\u00bb][vc_column_text]<\/p>\n<p style=\"text-align: center;\">\n\tHD10 with deadman, 1 thumbwheel + 2 buttons\n<\/p>\n<p>[\/vc_column_text][\/vc_column][vc_column width=\u00bb1\/4&#8243;][vc_single_image source=\u00bbexternal_link\u00bb external_img_size=\u00bb300&#215;300&#8243; alignment=\u00bbcenter\u00bb custom_src=\u00bbhttps:\/\/www.runntech.com\/uploads\/rt100-joystick-hd10-with-deadman-and-2-proportional-thumbwheels.jpg\u00bb][vc_column_text]<\/p>\n<p style=\"text-align: center;\">\n\tHD10 with deadman and 2 proportional thumbwheels\n<\/p>\n<p>[\/vc_column_text][\/vc_column][vc_column width=\u00bb1\/4&#8243;][vc_single_image source=\u00bbexternal_link\u00bb external_img_size=\u00bb300&#215;300&#8243; alignment=\u00bbcenter\u00bb custom_src=\u00bbhttps:\/\/www.runntech.com\/uploads\/rt100-joystick-hd10-with-deadman-rocker-switch-and-2-pushbutton.jpg\u00bb][vc_column_text]<\/p>\n<p style=\"text-align: center;\">\n\tHD10 with deadman, rocker switch and 2 buttons\n<\/p>\n<p>[\/vc_column_text][\/vc_column][vc_column width=\u00bb1\/4&#8243;][vc_single_image source=\u00bbexternal_link\u00bb external_img_size=\u00bb300&#215;300&#8243; alignment=\u00bbcenter\u00bb custom_src=\u00bbhttps:\/\/www.runntech.com\/uploads\/rt100-joystick-hd10-with-deadman-rocker-switch-and-4-pushbutton.jpg\u00bb][vc_column_text]<\/p>\n<p style=\"text-align: center;\">\n\tHD10 with deadman, rocker switch and 4 buttons\n<\/p>\n<p>[\/vc_column_text][\/vc_column][\/vc_row]<\/p>\n<p>[vc_row][vc_column width=\u00bb1\/4&#8243;][vc_single_image source=\u00bbexternal_link\u00bb external_img_size=\u00bb300&#215;300&#8243; alignment=\u00bbcenter\u00bb custom_src=\u00bbhttps:\/\/www.runntech.com\/uploads\/rt100-joystick-hd10-with-deadman-and-rocker-switch.jpg\u00bb][vc_column_text]<\/p>\n<p style=\"text-align: center;\">\n\tHD10 with deadman and rocker switch\n<\/p>\n<p>[\/vc_column_text][\/vc_column][vc_column width=\u00bb1\/4&#8243;][vc_single_image source=\u00bbexternal_link\u00bb external_img_size=\u00bb300&#215;300&#8243; alignment=\u00bbcenter\u00bb custom_src=\u00bbhttps:\/\/www.runntech.com\/uploads\/rt100-joystick-hd10-with-deadman-1-thumbwheel-and-1-pushbutton.jpg\u00bb][vc_column_text]<\/p>\n<p style=\"text-align: center;\">\n\tHD10 with deadman, 1 thumbwheel and 1 button\n<\/p>\n<p>[\/vc_column_text][\/vc_column][vc_column width=\u00bb1\/4&#8243;][vc_single_image source=\u00bbexternal_link\u00bb external_img_size=\u00bb300&#215;300&#8243; alignment=\u00bbcenter\u00bb custom_src=\u00bbhttps:\/\/www.runntech.com\/uploads\/rt100-joystick-hd15-with-deadman-and-rocker-switch.jpg\u00bb][vc_column_text]<\/p>\n<p style=\"text-align: center;\">\n\tHD15 with deadman and rocker switch\n<\/p>\n<p>[\/vc_column_text][\/vc_column][vc_column width=\u00bb1\/4&#8243;][vc_single_image source=\u00bbexternal_link\u00bb external_img_size=\u00bb300&#215;300&#8243; alignment=\u00bbcenter\u00bb custom_src=\u00bbhttps:\/\/www.runntech.com\/uploads\/rt100-joystick-hd80-grip-with-2-pushbuttons.jpg\u00bb][vc_column_text]<\/p>\n<p style=\"text-align: center;\">\n\tHD80 with 2 buttons\n<\/p>\n<p>[\/vc_column_text][\/vc_column][\/vc_row]<\/p>\n<p>[vc_row][vc_column]<div class=\"gap\" style=\"line-height: 10px; height: 10px;\"><\/div>[\/vc_column][\/vc_row][vc_row][vc_column]<div class=\"gap\" style=\"line-height: 20px; height: 20px;\"><\/div>[vc_text_separator title=\u00bbDiagrama del Controlador de Joystick Multieje RT100&#8243; el_width=\u00bb80&#8243;][\/vc_column][\/vc_row]<\/p>\n<p>[vc_row][vc_column][vc_single_image source=\u00bbexternal_link\u00bb alignment=\u00bbcenter\u00bb custom_src=\u00bbhttps:\/\/www.runntech.com\/uploads\/rt100-joystick-controller-handle-grip.jpg\u00bb][\/vc_column][\/vc_row]<\/p>\n<\/div>","protected":false},"excerpt":{"rendered":"<h5>Caracter\u00edsticas Clave:<\/h5>\n<ul>\n<li>Potenci\u00f3metro o sensor de efecto Hall;<\/li>\n<li>Control de un eje, dos ejes o tres ejes (rueda para el pulgar);<\/li>\n<li>Disponible con varios agarres de diferentes formas y multifuncionales;<\/li>\n<li>Retorno al centro por resorte o operaci\u00f3n de retenci\u00f3n por fricci\u00f3n;<\/li>\n<li>Excelente salida proporcional anal\u00f3gica o salida de se\u00f1al de conmutaci\u00f3n;<\/li>\n<li>F\u00e1cil de instalar, operaci\u00f3n flexible, textura uniforme, libre de mantenimiento;<\/li>\n<li>Resistente al aceite, clima mar\u00edtimo, ozono y radiaci\u00f3n UV;<\/li>\n<li>Aprobado por CE;<\/li>\n<li>Cumple con RoHS 2011\/65\/EU, Anexo II, incluyendo (EU) 2015\/863;<\/li>\n<\/ul>\n","protected":false},"featured_media":34995,"template":"","meta":[],"product_brand":[],"product_cat":[15],"product_tag":[],"class_list":{"0":"post-35553","1":"product","2":"type-product","3":"status-publish","4":"has-post-thumbnail","6":"product_cat-industrial-joystick-controller","7":"description-off","9":"first","10":"instock","11":"featured","12":"shipping-taxable","13":"product-type-simple"},"aioseo_notices":[],"_links":{"self":[{"href":"https:\/\/www.runntech.com\/es\/wp-json\/wp\/v2\/product\/35553","targetHints":{"allow":["GET"]}}],"collection":[{"href":"https:\/\/www.runntech.com\/es\/wp-json\/wp\/v2\/product"}],"about":[{"href":"https:\/\/www.runntech.com\/es\/wp-json\/wp\/v2\/types\/product"}],"wp:featuredmedia":[{"embeddable":true,"href":"https:\/\/www.runntech.com\/es\/wp-json\/wp\/v2\/media\/34995"}],"wp:attachment":[{"href":"https:\/\/www.runntech.com\/es\/wp-json\/wp\/v2\/media?parent=35553"}],"wp:term":[{"taxonomy":"product_brand","embeddable":true,"href":"https:\/\/www.runntech.com\/es\/wp-json\/wp\/v2\/product_brand?post=35553"},{"taxonomy":"product_cat","embeddable":true,"href":"https:\/\/www.runntech.com\/es\/wp-json\/wp\/v2\/product_cat?post=35553"},{"taxonomy":"product_tag","embeddable":true,"href":"https:\/\/www.runntech.com\/es\/wp-json\/wp\/v2\/product_tag?post=35553"}],"curies":[{"name":"wp","href":"https:\/\/api.w.org\/{rel}","templated":true}]}}