{"id":35561,"date":"2010-05-18T18:18:08","date_gmt":"2010-05-18T10:18:08","guid":{"rendered":"https:\/\/www.runntech.com\/product\/rt300-crane-hoist-master-controller-joystick-lever\/"},"modified":"2024-05-24T13:48:44","modified_gmt":"2024-05-24T05:48:44","slug":"rt300-crane-hoist-master-controller-joystick-lever","status":"publish","type":"product","link":"https:\/\/www.runntech.com\/es\/product\/rt300-crane-hoist-master-controller-joystick-lever\/","title":{"rendered":"Controlador de joystick para elevaci\u00f3n | RT300"},"content":{"rendered":"<div class=\"wpb-content-wrapper\"><p>\n\tLos joysticks industriales de la serie RT300 (controlador principal) se utilizan principalmente en puertos, muelles, minas de carb\u00f3n u operaciones al aire libre, con voltaje de 380V AC y 220V DC a 50Hz y 60Hz para controlar las gr\u00faas de elevaci\u00f3n, as\u00ed como equipos de control el\u00e9ctrico similares, como el arranque de motores, control de velocidad y freno.\n<\/p>\n<p>[vc_row][vc_column]<div class=\"gap\" style=\"line-height: 10px; height: 10px;\"><\/div>[\/vc_column][\/vc_row][vc_row][vc_column]<div class=\"gap\" style=\"line-height: 20px; height: 20px;\"><\/div>[vc_text_separator title=\u00bbCrane &#038; Hoist Joystick Controller Gallery\u00bb el_width=\u00bb80&#8243;][\/vc_column][\/vc_row]<\/p>\n<p>[vc_row][vc_column width=\u00bb1\/4&#8243;][vc_single_image source=\u00bbexternal_link\u00bb external_img_size=\u00bb300&#215;300&#8243; alignment=\u00bbcenter\u00bb custom_src=\u00bbhttps:\/\/www.runntech.com\/uploads\/rt300-joystick-hd39-grip-i-1.jpg\u00bb][vc_column_text]<\/p>\n<p style=\"text-align: center;\">\n\tHD39 grip single axis, I type (lift to release)\n<\/p>\n<p>[\/vc_column_text][\/vc_column][vc_column width=\u00bb1\/4&#8243;][vc_single_image source=\u00bbexternal_link\u00bb external_img_size=\u00bb300&#215;300&#8243; alignment=\u00bbcenter\u00bb custom_src=\u00bbhttps:\/\/www.runntech.com\/uploads\/rt300-joystick-hd39-grip-i-2.jpg\u00bb][vc_column_text]<\/p>\n<p style=\"text-align: center;\">\n\tHD39 grip dual axis, I type (lift to release)\n<\/p>\n<p>[\/vc_column_text][\/vc_column][vc_column width=\u00bb1\/4&#8243;][vc_single_image source=\u00bbexternal_link\u00bb external_img_size=\u00bb300&#215;300&#8243; alignment=\u00bbcenter\u00bb custom_src=\u00bbhttps:\/\/www.runntech.com\/uploads\/rt300-joystick-hd39-grip-l-1.jpg\u00bb][vc_column_text]<\/p>\n<p style=\"text-align: center;\">\n\tHD39 grip single axis, L type (lift to release)\n<\/p>\n<p>[\/vc_column_text][\/vc_column][vc_column width=\u00bb1\/4&#8243;][vc_single_image source=\u00bbexternal_link\u00bb external_img_size=\u00bb300&#215;300&#8243; alignment=\u00bbcenter\u00bb custom_src=\u00bbhttps:\/\/www.runntech.com\/uploads\/rt300-crane-hoist-master-controller-joystick-lever.jpg\u00bb][vc_column_text]<\/p>\n<p style=\"text-align: center;\">\n\tHD39 grip dual axis, L type (lift to release)\n<\/p>\n<p>[\/vc_column_text][\/vc_column][\/vc_row]<\/p>\n<p>[vc_row][vc_column width=\u00bb1\/4&#8243;][vc_single_image source=\u00bbexternal_link\u00bb external_img_size=\u00bb300&#215;300&#8243; alignment=\u00bbcenter\u00bb custom_src=\u00bbhttps:\/\/www.runntech.com\/uploads\/rt300-joystick-hd2-grip-i-1.jpg\u00bb][vc_column_text]<\/p>\n<p style=\"text-align: center;\">\n\tHD2 grip single axis, I type\n<\/p>\n<p>[\/vc_column_text][\/vc_column][vc_column width=\u00bb1\/4&#8243;][vc_single_image source=\u00bbexternal_link\u00bb external_img_size=\u00bb300&#215;300&#8243; alignment=\u00bbcenter\u00bb custom_src=\u00bbhttps:\/\/www.runntech.com\/uploads\/rt300-joystick-hd2-grip-i-2.jpg\u00bb][vc_column_text]<\/p>\n<p style=\"text-align: center;\">\n\tHD2 grip dual axis, I type\n<\/p>\n<p>[\/vc_column_text][\/vc_column][vc_column width=\u00bb1\/4&#8243;][vc_single_image source=\u00bbexternal_link\u00bb external_img_size=\u00bb300&#215;300&#8243; alignment=\u00bbcenter\u00bb custom_src=\u00bbhttps:\/\/www.runntech.com\/uploads\/rt300-joystick-hd2-grip-l-1.jpg\u00bb][vc_column_text]<\/p>\n<p style=\"text-align: center;\">\n\tHD2 grip single axis, L type\n<\/p>\n<p>[\/vc_column_text][\/vc_column][vc_column width=\u00bb1\/4&#8243;][vc_single_image source=\u00bbexternal_link\u00bb external_img_size=\u00bb300&#215;300&#8243; alignment=\u00bbcenter\u00bb custom_src=\u00bbhttps:\/\/www.runntech.com\/uploads\/rt300-joystick-hd2-grip-l-2.jpg\u00bb][vc_column_text]<\/p>\n<p style=\"text-align: center;\">\n\tHD2 grip dual axis, L type\n<\/p>\n<p>[\/vc_column_text][\/vc_column][\/vc_row]<\/p>\n<p>[vc_row][vc_column width=\u00bb1\/4&#8243;][vc_single_image source=\u00bbexternal_link\u00bb external_img_size=\u00bb300&#215;300&#8243; alignment=\u00bbcenter\u00bb custom_src=\u00bbhttps:\/\/www.runntech.com\/uploads\/rt300-joystick-hd5-grip-i-1.jpg\u00bb][vc_column_text]<\/p>\n<p style=\"text-align: center;\">\n\tHD5 grip single axis, I type (lift to release)\n<\/p>\n<p>[\/vc_column_text][\/vc_column][vc_column width=\u00bb1\/4&#8243;][vc_single_image source=\u00bbexternal_link\u00bb external_img_size=\u00bb300&#215;300&#8243; alignment=\u00bbcenter\u00bb custom_src=\u00bbhttps:\/\/www.runntech.com\/uploads\/rt300-joystick-hd5-grip-i-2.jpg\u00bb][vc_column_text]<\/p>\n<p style=\"text-align: center;\">\n\tHD5 grip dual axis, I type (lift to release)\n<\/p>\n<p>[\/vc_column_text][\/vc_column][vc_column width=\u00bb1\/4&#8243;][vc_single_image source=\u00bbexternal_link\u00bb external_img_size=\u00bb300&#215;300&#8243; alignment=\u00bbcenter\u00bb custom_src=\u00bbhttps:\/\/www.runntech.com\/uploads\/rt300-joystick-hd5-grip-l-1.jpg\u00bb][vc_column_text]<\/p>\n<p style=\"text-align: center;\">\n\tHD5 grip single axis, L type (lift to release)\n<\/p>\n<p>[\/vc_column_text][\/vc_column][vc_column width=\u00bb1\/4&#8243;][vc_single_image source=\u00bbexternal_link\u00bb external_img_size=\u00bb300&#215;300&#8243; alignment=\u00bbcenter\u00bb custom_src=\u00bbhttps:\/\/www.runntech.com\/uploads\/rt300-joystick-hd5-grip-l-2.jpg\u00bb][vc_column_text]<\/p>\n<p style=\"text-align: center;\">\n\tHD5 grip dual axis, L type (lift to release)\n<\/p>\n<p>[\/vc_column_text][\/vc_column][\/vc_row]<\/p>\n<p>[vc_row][vc_column width=\u00bb1\/4&#8243;][vc_single_image source=\u00bbexternal_link\u00bb external_img_size=\u00bb300&#215;300&#8243; alignment=\u00bbcenter\u00bb custom_src=\u00bbhttps:\/\/www.runntech.com\/uploads\/rt300-joystick-hd6-grip-i-1.jpg\u00bb][vc_column_text]<\/p>\n<p style=\"text-align: center;\">\n\tHD6 grip single axis, I type (press to release)\n<\/p>\n<p>[\/vc_column_text][\/vc_column][vc_column width=\u00bb1\/4&#8243;][vc_single_image source=\u00bbexternal_link\u00bb external_img_size=\u00bb300&#215;300&#8243; alignment=\u00bbcenter\u00bb custom_src=\u00bbhttps:\/\/www.runntech.com\/uploads\/rt300-joystick-hd6-grip-i-2.jpg\u00bb][vc_column_text]<\/p>\n<p style=\"text-align: center;\">\n\tHD6 grip dual axis, I type (press to release)\n<\/p>\n<p>[\/vc_column_text][\/vc_column][vc_column width=\u00bb1\/4&#8243;][vc_single_image source=\u00bbexternal_link\u00bb external_img_size=\u00bb300&#215;300&#8243; alignment=\u00bbcenter\u00bb custom_src=\u00bbhttps:\/\/www.runntech.com\/uploads\/rt300-joystick-hd6-grip-l-1.jpg\u00bb][vc_column_text]<\/p>\n<p style=\"text-align: center;\">\n\tHD6 grip single axis, L type (lift to release)\n<\/p>\n<p>[\/vc_column_text][\/vc_column][vc_column width=\u00bb1\/4&#8243;][vc_single_image source=\u00bbexternal_link\u00bb external_img_size=\u00bb300&#215;300&#8243; alignment=\u00bbcenter\u00bb custom_src=\u00bbhttps:\/\/www.runntech.com\/uploads\/rt300-joystick-hd6-grip-l-2.jpg\u00bb][vc_column_text]<\/p>\n<p style=\"text-align: center;\">\n\tHD6 grip dual axis, L type (lift to release)\n<\/p>\n<p>[\/vc_column_text][\/vc_column][\/vc_row]<\/p>\n<p>[vc_row][vc_column width=\u00bb1\/4&#8243;][vc_single_image source=\u00bbexternal_link\u00bb external_img_size=\u00bb300&#215;300&#8243; alignment=\u00bbcenter\u00bb custom_src=\u00bbhttps:\/\/www.runntech.com\/uploads\/rt300-joystick-hd7-grip-i-1.jpg\u00bb][vc_column_text]<\/p>\n<p style=\"text-align: center;\">\n\tHD7 grip single axis with 1 pushbutton, I type\n<\/p>\n<p>[\/vc_column_text][\/vc_column][vc_column width=\u00bb1\/4&#8243;][vc_single_image source=\u00bbexternal_link\u00bb external_img_size=\u00bb300&#215;300&#8243; alignment=\u00bbcenter\u00bb custom_src=\u00bbhttps:\/\/www.runntech.com\/uploads\/rt300-joystick-hd7-grip-i-2.jpg\u00bb][vc_column_text]<\/p>\n<p style=\"text-align: center;\">\n\tHD7 grip dual axis with 1 pushbutton, I type\n<\/p>\n<p>[\/vc_column_text][\/vc_column][vc_column width=\u00bb1\/4&#8243;][vc_single_image source=\u00bbexternal_link\u00bb external_img_size=\u00bb300&#215;300&#8243; alignment=\u00bbcenter\u00bb custom_src=\u00bbhttps:\/\/www.runntech.com\/uploads\/rt300-joystick-hd7-grip-l-1.jpg\u00bb][vc_column_text]<\/p>\n<p style=\"text-align: center;\">\n\tHD7 grip single axis with 1 pushbutton, L type\n<\/p>\n<p>[\/vc_column_text][\/vc_column][vc_column width=\u00bb1\/4&#8243;][vc_single_image source=\u00bbexternal_link\u00bb external_img_size=\u00bb300&#215;300&#8243; alignment=\u00bbcenter\u00bb custom_src=\u00bbhttps:\/\/www.runntech.com\/uploads\/rt300-joystick-hd7-grip-l-2.jpg\u00bb][vc_column_text]<\/p>\n<p style=\"text-align: center;\">\n\tHD7 grip dual axis with 1 pushbutton, L type\n<\/p>\n<p>[\/vc_column_text][\/vc_column][\/vc_row]<\/p>\n<p>[vc_row][vc_column width=\u00bb1\/4&#8243;][vc_single_image source=\u00bbexternal_link\u00bb external_img_size=\u00bb300&#215;300&#8243; alignment=\u00bbcenter\u00bb custom_src=\u00bbhttps:\/\/www.runntech.com\/uploads\/rt300-joystick-hd8-grip-i-1.jpg\u00bb][vc_column_text]<\/p>\n<p style=\"text-align: center;\">\n\tHD8 grip single axis, I type\n<\/p>\n<p>[\/vc_column_text][\/vc_column][vc_column width=\u00bb1\/4&#8243;][vc_single_image source=\u00bbexternal_link\u00bb external_img_size=\u00bb300&#215;300&#8243; alignment=\u00bbcenter\u00bb custom_src=\u00bbhttps:\/\/www.runntech.com\/uploads\/rt300-joystick-hd8-grip-i-2.jpg\u00bb][vc_column_text]<\/p>\n<p style=\"text-align: center;\">\n\tHD8 grip dual axis, I type\n<\/p>\n<p>[\/vc_column_text][\/vc_column][vc_column width=\u00bb1\/4&#8243;][vc_single_image source=\u00bbexternal_link\u00bb external_img_size=\u00bb300&#215;300&#8243; alignment=\u00bbcenter\u00bb custom_src=\u00bbhttps:\/\/www.runntech.com\/uploads\/rt300-joystick-hd8-grip-l-2.jpg\u00bb][vc_column_text]<\/p>\n<p style=\"text-align: center;\">\n\tHD8 grip dual axis, L type\n<\/p>\n<p>[\/vc_column_text][\/vc_column][vc_column width=\u00bb1\/4&#8243;][vc_single_image source=\u00bbexternal_link\u00bb external_img_size=\u00bb300&#215;300&#8243; alignment=\u00bbcenter\u00bb custom_src=\u00bbhttps:\/\/www.runntech.com\/uploads\/rt300-joystick-hd10b2-grip-l-2.jpg\u00bb][vc_column_text]<\/p>\n<p style=\"text-align: center;\">\n\tHD10 grip dual axis, with deadman and front max. with 6 pushbuttons\n<\/p>\n<p>[\/vc_column_text][\/vc_column][\/vc_row]<\/p>\n<p>[vc_row][vc_column]<div class=\"gap\" style=\"line-height: 10px; height: 10px;\"><\/div>[\/vc_column][\/vc_row][vc_row][vc_column]<div class=\"gap\" style=\"line-height: 20px; height: 20px;\"><\/div>[vc_text_separator title=\u00bbRT300 Crane &#038; Hoist Joystick Controller Diagram\u00bb el_width=\u00bb80&#8243;][\/vc_column][\/vc_row]<\/p>\n<p>[vc_row][vc_column][vc_single_image source=\u00bbexternal_link\u00bb alignment=\u00bbcenter\u00bb custom_src=\u00bbhttps:\/\/www.runntech.com\/uploads\/rt300-crane-master-controller-joystick.jpg\u00bb][\/vc_column][\/vc_row]<\/p>\n<\/div>","protected":false},"excerpt":{"rendered":"<h5>Caracter\u00edsticas Clave:<\/h5>\n<ul>\n<li>Control de un solo eje o de doble eje;<\/li>\n<li>Contactos de plata pura para garantizar durabilidad;<\/li>\n<li>Disponible con diversas empu\u00f1aduras multifuncionales;<\/li>\n<li>Retorno al centro por resorte mec\u00e1nico o operaci\u00f3n de retenci\u00f3n por fricci\u00f3n;<\/li>\n<li>Soporte para arreglos de contacto de conducci\u00f3n horizontal y vertical;<\/li>\n<li>La corriente energizada hasta 380V 10A, con rendimiento fiable;<\/li>\n<li>F\u00e1cil de instalar, operaci\u00f3n flexible, textura uniforme, libre de mantenimiento;<\/li>\n<li>Resistente al aceite, al clima mar\u00edtimo, al ozono y a la radiaci\u00f3n UV;<\/li>\n<li>Aprobado por CE;<\/li>\n<li>Cumple con RoHS 2011\/65\/EU, Anexo II, incluyendo (EU) 2015\/863;<\/li>\n<\/ul>\n","protected":false},"featured_media":35003,"template":"","meta":[],"product_brand":[],"product_cat":[15],"product_tag":[],"class_list":{"0":"post-35561","1":"product","2":"type-product","3":"status-publish","4":"has-post-thumbnail","6":"product_cat-industrial-joystick-controller","7":"description-off","9":"first","10":"instock","11":"featured","12":"shipping-taxable","13":"product-type-simple"},"aioseo_notices":[],"_links":{"self":[{"href":"https:\/\/www.runntech.com\/es\/wp-json\/wp\/v2\/product\/35561","targetHints":{"allow":["GET"]}}],"collection":[{"href":"https:\/\/www.runntech.com\/es\/wp-json\/wp\/v2\/product"}],"about":[{"href":"https:\/\/www.runntech.com\/es\/wp-json\/wp\/v2\/types\/product"}],"wp:featuredmedia":[{"embeddable":true,"href":"https:\/\/www.runntech.com\/es\/wp-json\/wp\/v2\/media\/35003"}],"wp:attachment":[{"href":"https:\/\/www.runntech.com\/es\/wp-json\/wp\/v2\/media?parent=35561"}],"wp:term":[{"taxonomy":"product_brand","embeddable":true,"href":"https:\/\/www.runntech.com\/es\/wp-json\/wp\/v2\/product_brand?post=35561"},{"taxonomy":"product_cat","embeddable":true,"href":"https:\/\/www.runntech.com\/es\/wp-json\/wp\/v2\/product_cat?post=35561"},{"taxonomy":"product_tag","embeddable":true,"href":"https:\/\/www.runntech.com\/es\/wp-json\/wp\/v2\/product_tag?post=35561"}],"curies":[{"name":"wp","href":"https:\/\/api.w.org\/{rel}","templated":true}]}}