{"id":35565,"date":"2010-05-18T17:18:04","date_gmt":"2010-05-18T09:18:04","guid":{"rendered":"https:\/\/www.runntech.com\/product\/rt600-miniature-industrial-hall-joystick\/"},"modified":"2024-05-24T14:14:27","modified_gmt":"2024-05-24T06:14:27","slug":"rt600-miniature-industrial-hall-joystick","status":"publish","type":"product","link":"https:\/\/www.runntech.com\/es\/product\/rt600-miniature-industrial-hall-joystick\/","title":{"rendered":"Joystick para punta de los dedos | RT600"},"content":{"rendered":"<div class=\"wpb-content-wrapper\"><p>\n\tLa serie de joysticks industriales de efecto Hall sin contacto RT600, aplicaciones ideales para: Sistema de imagen m\u00e9dica, equipos de medici\u00f3n, control automotriz, dispositivos de procesamiento de im\u00e1genes, sistema de control CCTV de fotograf\u00eda en movimiento, operaciones rob\u00f3ticas, instrumentos \u00f3pticos, monitoreo de vigilancia, aparatos relacionados con estudios, equipos de edici\u00f3n de audio y video, sistemas de navegaci\u00f3n, sillas de ruedas electromotrices, equipos militares, veh\u00edculos especiales, etc.\n<\/p>\n<p>[vc_row][vc_column]<div class=\"gap\" style=\"line-height: 10px; height: 10px;\"><\/div>[\/vc_column][\/vc_row][vc_row][vc_column]<div class=\"gap\" style=\"line-height: 20px; height: 20px;\"><\/div>[vc_text_separator title=\u00bbJoystick para punta de los dedos | RT600&#8243; el_width=\u00bb80&#8243;][\/vc_column][\/vc_row]<\/p>\n<p>[vc_row][vc_column width=\u00bb1\/4&#8243;][vc_single_image source=\u00bbexternal_link\u00bb external_img_size=\u00bb300&#215;300&#8243; alignment=\u00bbcenter\u00bb custom_src=\u00bbhttps:\/\/www.runntech.com\/uploads\/rt600-joystick-hd12-grip-without-pushbutton.jpg\u00bb][vc_column_text]<\/p>\n<p style=\"text-align: center;\">\n\tHD12 grip without pushbutton\n<\/p>\n<p>[\/vc_column_text][\/vc_column][vc_column width=\u00bb1\/4&#8243;][vc_single_image source=\u00bbexternal_link\u00bb external_img_size=\u00bb300&#215;300&#8243; alignment=\u00bbcenter\u00bb custom_src=\u00bbhttps:\/\/www.runntech.com\/uploads\/fingertip-hall-effect-joystick-rt600.jpg\u00bb][vc_column_text]<\/p>\n<p style=\"text-align: center;\">\n\tHD12 grip with 2 pushbutton\n<\/p>\n<p>[\/vc_column_text][\/vc_column][vc_column width=\u00bb1\/4&#8243;][vc_single_image source=\u00bbexternal_link\u00bb external_img_size=\u00bb300&#215;300&#8243; alignment=\u00bbcenter\u00bb custom_src=\u00bbhttps:\/\/www.runntech.com\/uploads\/rt600-joystick-hd13-grip-with-1-pushbutton.jpg\u00bb][vc_column_text]<\/p>\n<p style=\"text-align: center;\">\n\tHD13 grip with 1 pushbutton\n<\/p>\n<p>[\/vc_column_text][\/vc_column][vc_column width=\u00bb1\/4&#8243;][vc_single_image source=\u00bbexternal_link\u00bb external_img_size=\u00bb300&#215;300&#8243; alignment=\u00bbcenter\u00bb custom_src=\u00bbhttps:\/\/www.runntech.com\/uploads\/rt600-joystick-hd14-grip-without-pushbutton.jpg\u00bb][vc_column_text]<\/p>\n<p style=\"text-align: center;\">\n\tHD14 grip without pushbutton\n<\/p>\n<p>[\/vc_column_text][\/vc_column][\/vc_row]<\/p>\n<p>[vc_row][vc_column]<div class=\"gap\" style=\"line-height: 10px; height: 10px;\"><\/div>[\/vc_column][\/vc_row][vc_row][vc_column]<div class=\"gap\" style=\"line-height: 20px; height: 20px;\"><\/div>[vc_text_separator title=\u00bbJoystick para punta de los dedos | RT600&#8243; el_width=\u00bb80&#8243;][\/vc_column][\/vc_row]<\/p>\n<p>[vc_row][vc_column][vc_single_image source=\u00bbexternal_link\u00bb alignment=\u00bbcenter\u00bb custom_src=\u00bbhttps:\/\/www.runntech.com\/uploads\/rt600-joystick-diagram.jpg\u00bb][\/vc_column][\/vc_row]<\/p>\n<\/div>","protected":false},"excerpt":{"rendered":"<h5>\u041a\u043b\u044e\u0447\u0435\u0432\u044b\u0435 \u043e\u0441\u043e\u0431\u0435\u043d\u043d\u043e\u0441\u0442\u0438:<\/h5>\n<ul>\n<li>\u041e\u0434\u043d\u043e\u043e\u0441\u0435\u0432\u043e\u0435, \u0434\u0432\u0443\u0445\u043e\u0441\u0435\u0432\u043e\u0435 \u0438\u043b\u0438 \u0442\u0440\u0451\u0445\u043e\u0441\u0435\u0432\u043e\u0435 \u0443\u043f\u0440\u0430\u0432\u043b\u0435\u043d\u0438\u0435;<\/li>\n<li>\u0411\u0435\u0441\u043a\u043e\u043d\u0442\u0430\u043a\u0442\u043d\u044b\u0439 \u0434\u0430\u0442\u0447\u0438\u043a \u044d\u0444\u0444\u0435\u043a\u0442\u0430 \u0425\u043e\u043b\u043b\u0430;<\/li>\n<li>\u0412\u044b\u0431\u043e\u0440 \u0440\u0443\u043a\u043e\u044f\u0442\u043e\u043a \u0441 \u043a\u043d\u043e\u043f\u043a\u0430\u043c\u0438 \u0438\u043b\u0438 \u0431\u0435\u0437 \u043d\u0438\u0445;<\/li>\n<li>\u041c\u0435\u0445\u0430\u043d\u0438\u0447\u0435\u0441\u043a\u043e\u0435 \u0432\u043e\u0437\u0432\u0440\u0430\u0442 \u0432 \u0446\u0435\u043d\u0442\u0440 \u0441 \u043f\u043e\u043c\u043e\u0449\u044c\u044e \u043f\u0440\u0443\u0436\u0438\u043d\u044b;<\/li>\n<li>\u041e\u0442\u043b\u0438\u0447\u043d\u044b\u0439 \u0430\u043d\u0430\u043b\u043e\u0433\u043e\u0432\u044b\u0439 \u043f\u0440\u043e\u043f\u043e\u0440\u0446\u0438\u043e\u043d\u0430\u043b\u044c\u043d\u044b\u0439 \u0441\u0438\u0433\u043d\u0430\u043b \u0438\u043b\u0438 \u0432\u044b\u0445\u043e\u0434 RS232;<\/li>\n<li>\u041b\u0435\u0433\u043a\u043e \u0443\u0441\u0442\u0430\u043d\u0430\u0432\u043b\u0438\u0432\u0430\u0435\u0442\u0441\u044f, \u0433\u0438\u0431\u043a\u0430\u044f \u044d\u043a\u0441\u043f\u043b\u0443\u0430\u0442\u0430\u0446\u0438\u044f, \u043e\u0434\u043d\u043e\u0440\u043e\u0434\u043d\u0430\u044f \u0442\u0435\u043a\u0441\u0442\u0443\u0440\u0430, \u043d\u0435 \u0442\u0440\u0435\u0431\u0443\u0435\u0442 \u043e\u0431\u0441\u043b\u0443\u0436\u0438\u0432\u0430\u043d\u0438\u044f;<\/li>\n<li>\u041e\u0434\u043e\u0431\u0440\u0435\u043d\u043e CE;<\/li>\n<li>\u0421\u043e\u043e\u0442\u0432\u0435\u0442\u0441\u0442\u0432\u0443\u0435\u0442 RoHS 2011\/65\/EU, \u041f\u0440\u0438\u043b\u043e\u0436\u0435\u043d\u0438\u0435 II, \u0432\u043a\u043b\u044e\u0447\u0430\u044f (EU) 2015\/863;<\/li>\n<\/ul>\n","protected":false},"featured_media":35007,"template":"","meta":[],"product_brand":[],"product_cat":[15],"product_tag":[],"class_list":{"0":"post-35565","1":"product","2":"type-product","3":"status-publish","4":"has-post-thumbnail","6":"product_cat-industrial-joystick-controller","7":"description-off","9":"first","10":"instock","11":"featured","12":"shipping-taxable","13":"product-type-simple"},"aioseo_notices":[],"_links":{"self":[{"href":"https:\/\/www.runntech.com\/es\/wp-json\/wp\/v2\/product\/35565","targetHints":{"allow":["GET"]}}],"collection":[{"href":"https:\/\/www.runntech.com\/es\/wp-json\/wp\/v2\/product"}],"about":[{"href":"https:\/\/www.runntech.com\/es\/wp-json\/wp\/v2\/types\/product"}],"wp:featuredmedia":[{"embeddable":true,"href":"https:\/\/www.runntech.com\/es\/wp-json\/wp\/v2\/media\/35007"}],"wp:attachment":[{"href":"https:\/\/www.runntech.com\/es\/wp-json\/wp\/v2\/media?parent=35565"}],"wp:term":[{"taxonomy":"product_brand","embeddable":true,"href":"https:\/\/www.runntech.com\/es\/wp-json\/wp\/v2\/product_brand?post=35565"},{"taxonomy":"product_cat","embeddable":true,"href":"https:\/\/www.runntech.com\/es\/wp-json\/wp\/v2\/product_cat?post=35565"},{"taxonomy":"product_tag","embeddable":true,"href":"https:\/\/www.runntech.com\/es\/wp-json\/wp\/v2\/product_tag?post=35565"}],"curies":[{"name":"wp","href":"https:\/\/api.w.org\/{rel}","templated":true}]}}