{"id":35569,"date":"2010-05-18T16:18:28","date_gmt":"2010-05-18T08:18:28","guid":{"rendered":"https:\/\/www.runntech.com\/product\/rt800-switch-stick-joystick\/"},"modified":"2024-05-24T14:00:27","modified_gmt":"2024-05-24T06:00:27","slug":"rt800-switch-stick-joystick","status":"publish","type":"product","link":"https:\/\/www.runntech.com\/es\/product\/rt800-switch-stick-joystick\/","title":{"rendered":"Joystick con interruptor | RT800"},"content":{"rendered":"<div class=\"wpb-content-wrapper\"><p>\n\tLa serie de joysticks industriales de palanca de interruptor RT800 es adecuada para entornos de trabajo livianos a medianos donde el control proporcional no es necesario, y se utiliza ampliamente para el control de coches el\u00e9ctricos, sillas de ruedas el\u00e9ctricas, robots, sistemas de operaci\u00f3n remota de video hombre-m\u00e1quina, maquinaria m\u00f3vil pesada, sistemas de medici\u00f3n, sistemas de navegaci\u00f3n, equipos de iluminaci\u00f3n de escenario de estudio, equipos militares, etc.\n<\/p>\n<p>[vc_row][vc_column]<div class=\"gap\" style=\"line-height: 10px; height: 10px;\"><\/div>[\/vc_column][\/vc_row][vc_row][vc_column]<div class=\"gap\" style=\"line-height: 20px; height: 20px;\"><\/div>[vc_text_separator title=\u00bbRT800 Switch Stick Joystick Controller Diagram\u00bb el_width=\u00bb80&#8243;][\/vc_column][\/vc_row]<\/p>\n<\/p>\n<p>[vc_row][vc_column][vc_single_image source=\u00bbexternal_link\u00bb alignment=\u00bbcenter\u00bb custom_src=\u00bbhttps:\/\/www.runntech.com\/uploads\/rt800-joystick-installation.jpg\u00bb][\/vc_column][\/vc_row]<\/p>\n<\/div>","protected":false},"excerpt":{"rendered":"<h5>Caracter\u00edsticas Clave:<\/h5>\n<ul>\n<li>Retorno al centro por resorte;<\/li>\n<li>Montaje con buje o tornillo;<\/li>\n<li>Control de un solo eje o de doble eje;<\/li>\n<li>Empu\u00f1aduras seleccionables con\/sin bot\u00f3n(es);<\/li>\n<li>Interruptor duradero, corriente hasta 250V, 10A;<\/li>\n<li>Excelente salida de se\u00f1al de interruptor;<\/li>\n<li>F\u00e1cil de instalar, operaci\u00f3n flexible, textura uniforme, libre de mantenimiento;<\/li>\n<li>Aprobado por CE;<\/li>\n<li>Cumple con RoHS 2011\/65\/EU, Anexo II, incluyendo (EU) 2015\/863;<\/li>\n<\/ul>\n","protected":false},"featured_media":35011,"template":"","meta":[],"product_brand":[],"product_cat":[15],"product_tag":[],"class_list":{"0":"post-35569","1":"product","2":"type-product","3":"status-publish","4":"has-post-thumbnail","6":"product_cat-industrial-joystick-controller","7":"description-off","9":"first","10":"instock","11":"shipping-taxable","12":"product-type-simple"},"aioseo_notices":[],"_links":{"self":[{"href":"https:\/\/www.runntech.com\/es\/wp-json\/wp\/v2\/product\/35569","targetHints":{"allow":["GET"]}}],"collection":[{"href":"https:\/\/www.runntech.com\/es\/wp-json\/wp\/v2\/product"}],"about":[{"href":"https:\/\/www.runntech.com\/es\/wp-json\/wp\/v2\/types\/product"}],"wp:featuredmedia":[{"embeddable":true,"href":"https:\/\/www.runntech.com\/es\/wp-json\/wp\/v2\/media\/35011"}],"wp:attachment":[{"href":"https:\/\/www.runntech.com\/es\/wp-json\/wp\/v2\/media?parent=35569"}],"wp:term":[{"taxonomy":"product_brand","embeddable":true,"href":"https:\/\/www.runntech.com\/es\/wp-json\/wp\/v2\/product_brand?post=35569"},{"taxonomy":"product_cat","embeddable":true,"href":"https:\/\/www.runntech.com\/es\/wp-json\/wp\/v2\/product_cat?post=35569"},{"taxonomy":"product_tag","embeddable":true,"href":"https:\/\/www.runntech.com\/es\/wp-json\/wp\/v2\/product_tag?post=35569"}],"curies":[{"name":"wp","href":"https:\/\/api.w.org\/{rel}","templated":true}]}}