{"id":35573,"date":"2010-05-18T15:18:00","date_gmt":"2010-05-18T07:18:00","guid":{"rendered":"https:\/\/www.runntech.com\/product\/rt01-multi-function-industrial-cobra-head-palm-grip-joystick\/"},"modified":"2024-05-24T15:09:37","modified_gmt":"2024-05-24T07:09:37","slug":"rt01-multi-function-industrial-cobra-head-palm-grip-joystick","status":"publish","type":"product","link":"https:\/\/www.runntech.com\/es\/product\/rt01-multi-function-industrial-cobra-head-palm-grip-joystick\/","title":{"rendered":"Controlador de Joystick Industrial Multieje | RT01"},"content":{"rendered":"<div class=\"wpb-content-wrapper\"><p>\n\tEl controlador de joystick industrial multieje RT01 se utiliza principalmente en el control proporcional hidr\u00e1ulico, el control de motores de frecuencia variable, el control remoto o aplicaciones electrohidr\u00e1ulicas como mesa giratoria (plataforma de perforaci\u00f3n), gr\u00faa, plataformas de trabajo a\u00e9reas, carretillas elevadoras, hidr\u00e1ulica m\u00f3vil, m\u00e1quina tuneladora, polipasto, aplicaciones marinas, maquinaria de construcci\u00f3n, ingenier\u00eda civil, veh\u00edculos militares, veh\u00edculos de cabina, rob\u00f3tica militar, m\u00e1quinas herramienta de precisi\u00f3n, equipos de manejo de materiales, etc.<\/p>\n<p>[vc_row][vc_column]<div class=\"gap\" style=\"line-height: 10px; height: 10px;\"><\/div>[\/vc_column][\/vc_row][vc_row][vc_column]<div class=\"gap\" style=\"line-height: 20px; height: 20px;\"><\/div>[vc_text_separator title=\u00bbControlador de Joystick Industrial Multieje | RT01&#8243; el_width=\u00bb80&#8243;][\/vc_column][\/vc_row]<\/p>\n<p>[vc_row][vc_column width=\u00bb1\/4&#8243;][vc_single_image source=\u00bbexternal_link\u00bb external_img_size=\u00bb300&#215;300&#8243; alignment=\u00bbcenter\u00bb custom_src=\u00bbhttps:\/\/www.runntech.com\/uploads\/rt01-multi-function-industrial-hd8.jpg\u00bb][vc_column_text]<\/p>\n<p style=\"text-align: center;\">\n\tHD8 grip\n<\/p>\n<p>[\/vc_column_text][\/vc_column][vc_column width=\u00bb1\/4&#8243;][vc_single_image source=\u00bbexternal_link\u00bb external_img_size=\u00bb300&#215;300&#8243; alignment=\u00bbcenter\u00bb custom_src=\u00bbhttps:\/\/www.runntech.com\/uploads\/rt01-multi-function-industrial-hd10b0.jpg\u00bb][vc_column_text]<\/p>\n<p style=\"text-align: center;\">\n\tHD10 grip with deadman front without pushbutton\n<\/p>\n<p>[\/vc_column_text][\/vc_column][vc_column width=\u00bb1\/4&#8243;][vc_single_image source=\u00bbexternal_link\u00bb external_img_size=\u00bb300&#215;300&#8243; alignment=\u00bbcenter\u00bb custom_src=\u00bbhttps:\/\/www.runntech.com\/uploads\/rt01-multi-function-industrial-hd10b1.jpg\u00bb][vc_column_text]<\/p>\n<p style=\"text-align: center;\">\n\tHD10 grip with deadman front with 1 pushbutton\n<\/p>\n<p>[\/vc_column_text][\/vc_column][vc_column width=\u00bb1\/4&#8243;][vc_single_image source=\u00bbexternal_link\u00bb external_img_size=\u00bb300&#215;300&#8243; alignment=\u00bbcenter\u00bb custom_src=\u00bbhttps:\/\/www.runntech.com\/uploads\/rt01-multi-function-industrial-hd10b2.jpg\u00bb][vc_column_text]<\/p>\n<p style=\"text-align: center;\">\n\tHD10 grip with deadman front with 2 pushbutton\n<\/p>\n<p>[\/vc_column_text][\/vc_column][\/vc_row]<\/p>\n<p>[vc_row][vc_column width=\u00bb1\/4&#8243;][vc_single_image source=\u00bbexternal_link\u00bb external_img_size=\u00bb300&#215;300&#8243; alignment=\u00bbcenter\u00bb custom_src=\u00bbhttps:\/\/www.runntech.com\/uploads\/rt01-multi-function-industrial-hd10b3.jpg\u00bb][vc_column_text]<\/p>\n<p style=\"text-align: center;\">\n\tHD10 grip with deadman front with 3 pushbutton\n<\/p>\n<p>[\/vc_column_text][\/vc_column][vc_column width=\u00bb1\/4&#8243;][vc_single_image source=\u00bbexternal_link\u00bb external_img_size=\u00bb300&#215;300&#8243; alignment=\u00bbcenter\u00bb custom_src=\u00bbhttps:\/\/www.runntech.com\/uploads\/rt01-multi-function-industrial-hd10b4.jpg\u00bb][vc_column_text]<\/p>\n<p style=\"text-align: center;\">\n\tHD10 grip with deadman front with 4 pushbutton\n<\/p>\n<p>[\/vc_column_text][\/vc_column][vc_column width=\u00bb1\/4&#8243;][vc_single_image source=\u00bbexternal_link\u00bb external_img_size=\u00bb300&#215;300&#8243; alignment=\u00bbcenter\u00bb custom_src=\u00bbhttps:\/\/www.runntech.com\/uploads\/rt01-multi-function-industrial-hd10b5.jpg\u00bb][vc_column_text]<\/p>\n<p style=\"text-align: center;\">\n\tHD10 grip with deadman front with 5 pushbutton\n<\/p>\n<p>[\/vc_column_text][\/vc_column][vc_column width=\u00bb1\/4&#8243;][vc_single_image source=\u00bbexternal_link\u00bb external_img_size=\u00bb300&#215;300&#8243; alignment=\u00bbcenter\u00bb custom_src=\u00bbhttps:\/\/www.runntech.com\/uploads\/rt01-multi-function-industrial-cobra-head-palm-grip-joystick.jpg\u00bb][vc_column_text]<\/p>\n<p style=\"text-align: center;\">\n\tHD10 grip with deadman front with 6 pushbutton\n<\/p>\n<p>[\/vc_column_text][\/vc_column][\/vc_row]<\/p>\n<p>[vc_row][vc_column width=\u00bb1\/4&#8243;][vc_single_image source=\u00bbexternal_link\u00bb external_img_size=\u00bb300&#215;300&#8243; alignment=\u00bbcenter\u00bb custom_src=\u00bbhttps:\/\/www.runntech.com\/uploads\/rt01-multi-function-industrial-hd10b8.jpg\u00bb][vc_column_text]<\/p>\n<p style=\"text-align: center;\">\n\tHD10 grip with deadman, front 2 pushbutton &#038; thumbwheel\n<\/p>\n<p>[\/vc_column_text][\/vc_column][vc_column width=\u00bb1\/4&#8243;][vc_single_image source=\u00bbexternal_link\u00bb external_img_size=\u00bb300&#215;300&#8243; alignment=\u00bbcenter\u00bb custom_src=\u00bbhttps:\/\/www.runntech.com\/uploads\/rt01-multi-function-industrial-hd10b9.jpg\u00bb][vc_column_text]<\/p>\n<p style=\"text-align: center;\">\n\tHD10 grip with deadman front with 2 thumbwheel\n<\/p>\n<p>[\/vc_column_text][\/vc_column][vc_column width=\u00bb1\/4&#8243;][vc_single_image source=\u00bbexternal_link\u00bb external_img_size=\u00bb300&#215;300&#8243; alignment=\u00bbcenter\u00bb custom_src=\u00bbhttps:\/\/www.runntech.com\/uploads\/rt01-multi-function-industrial-hd10b10.jpg\u00bb][vc_column_text]<\/p>\n<p style=\"text-align: center;\">\n\tHD10 grip with deadman front with 1 thumbwheel\n<\/p>\n<p>[\/vc_column_text][\/vc_column][vc_column width=\u00bb1\/4&#8243;][vc_single_image source=\u00bbexternal_link\u00bb external_img_size=\u00bb300&#215;300&#8243; alignment=\u00bbcenter\u00bb custom_src=\u00bbhttps:\/\/www.runntech.com\/uploads\/rt01-multi-function-industrial-hd10b12.jpg\u00bb][vc_column_text]<\/p>\n<p style=\"text-align: center;\">\n\tHD10 grip with deadman, front 2 pushbutton &#038; rocker switch\n<\/p>\n<p>[\/vc_column_text][\/vc_column][\/vc_row]<\/p>\n<p>[vc_row][vc_column]<div class=\"gap\" style=\"line-height: 10px; height: 10px;\"><\/div>[\/vc_column][\/vc_row][vc_row][vc_column]<div class=\"gap\" style=\"line-height: 20px; height: 20px;\"><\/div>[vc_text_separator title=\u00bbControlador de Joystick Industrial Multieje | RT01&#8243; el_width=\u00bb80&#8243;][\/vc_column][\/vc_row]<\/p>\n<p>[vc_row][vc_column][vc_single_image source=\u00bbexternal_link\u00bb alignment=\u00bbcenter\u00bb custom_src=\u00bbhttps:\/\/www.runntech.com\/uploads\/rt01-industrial-joystick-installation.jpg\u00bb][\/vc_column][\/vc_row]<\/p>\n<\/div>","protected":false},"excerpt":{"rendered":"<h5>Caracter\u00edsticas Clave:<\/h5>\n<ul>\n<li>Potenci\u00f3metro o sensor de efecto Hall;<\/li>\n<li>Control de un eje, dos ejes o tres ejes (rueda para el pulgar);<\/li>\n<li>Disponible con varios agarres de diferentes formas y multifuncionales;<\/li>\n<li>Retorno al centro por resorte o operaci\u00f3n de retenci\u00f3n por fricci\u00f3n;<\/li>\n<li>Excelente salida proporcional anal\u00f3gica o salida de se\u00f1al de conmutaci\u00f3n;<\/li>\n<li>F\u00e1cil de instalar, operaci\u00f3n flexible, textura uniforme, libre de mantenimiento;<\/li>\n<li>Resistente al aceite, clima mar\u00edtimo, ozono y radiaci\u00f3n UV;<\/li>\n<li>Aprobado por CE;<\/li>\n<li>Cumple con RoHS 2011\/65\/EU, Anexo II, incluyendo (EU) 2015\/863;<\/li>\n<\/ul>\n","protected":false},"featured_media":35790,"template":"","meta":[],"product_brand":[],"product_cat":[15],"product_tag":[],"class_list":{"0":"post-35573","1":"product","2":"type-product","3":"status-publish","4":"has-post-thumbnail","6":"product_cat-industrial-joystick-controller","7":"description-off","9":"first","10":"instock","11":"shipping-taxable","12":"product-type-simple"},"aioseo_notices":[],"_links":{"self":[{"href":"https:\/\/www.runntech.com\/es\/wp-json\/wp\/v2\/product\/35573","targetHints":{"allow":["GET"]}}],"collection":[{"href":"https:\/\/www.runntech.com\/es\/wp-json\/wp\/v2\/product"}],"about":[{"href":"https:\/\/www.runntech.com\/es\/wp-json\/wp\/v2\/types\/product"}],"wp:featuredmedia":[{"embeddable":true,"href":"https:\/\/www.runntech.com\/es\/wp-json\/wp\/v2\/media\/35790"}],"wp:attachment":[{"href":"https:\/\/www.runntech.com\/es\/wp-json\/wp\/v2\/media?parent=35573"}],"wp:term":[{"taxonomy":"product_brand","embeddable":true,"href":"https:\/\/www.runntech.com\/es\/wp-json\/wp\/v2\/product_brand?post=35573"},{"taxonomy":"product_cat","embeddable":true,"href":"https:\/\/www.runntech.com\/es\/wp-json\/wp\/v2\/product_cat?post=35573"},{"taxonomy":"product_tag","embeddable":true,"href":"https:\/\/www.runntech.com\/es\/wp-json\/wp\/v2\/product_tag?post=35573"}],"curies":[{"name":"wp","href":"https:\/\/api.w.org\/{rel}","templated":true}]}}