{"id":35581,"date":"2010-05-18T12:15:03","date_gmt":"2010-05-18T04:15:03","guid":{"rendered":"https:\/\/www.runntech.com\/product\/single-axis-heavy-duty-joysticks-controller-rt05\/"},"modified":"2024-05-24T15:14:04","modified_gmt":"2024-05-24T07:14:04","slug":"single-axis-heavy-duty-joysticks-controller-rt05","status":"publish","type":"product","link":"https:\/\/www.runntech.com\/es\/product\/single-axis-heavy-duty-joysticks-controller-rt05\/","title":{"rendered":"Controlador de joysticks de un solo eje | RT05"},"content":{"rendered":"<div class=\"wpb-content-wrapper\"><p>\nEl joystick industrial de un solo eje RT05 es ideal para el control proporcional hidr\u00e1ulico y el control de motores de frecuencia variable, como m\u00e1quina de elevaci\u00f3n minera, elevador de petr\u00f3leo, mesa giratoria (plataforma de perforaci\u00f3n), gr\u00faa, plataformas de trabajo a\u00e9reas, carretillas elevadoras, hidr\u00e1ulica m\u00f3vil, m\u00e1quina tuneladora, cabrestante, marina, maquinaria de construcci\u00f3n, ingenier\u00eda civil, veh\u00edculos militares, veh\u00edculos de cabina, rob\u00f3tica militar, herramientas de precisi\u00f3n, camiones de manejo de residuos, veh\u00edculos de bomberos y todoterreno, etc.\n<\/p>\n<p>[vc_row][vc_column]<div class=\"gap\" style=\"line-height: 10px; height: 10px;\"><\/div>[\/vc_column][\/vc_row][vc_row][vc_column]<div class=\"gap\" style=\"line-height: 20px; height: 20px;\"><\/div>[vc_text_separator title=\u00bbControlador de joysticks de un solo eje | RT05&#8243; el_width=\u00bb80&#8243;][\/vc_column][\/vc_row]<\/p>\n<p>[vc_row][vc_column][vc_single_image source=\u00bbexternal_link\u00bb alignment=\u00bbcenter\u00bb custom_src=\u00bbhttps:\/\/www.runntech.com\/uploads\/single-axis-heavy-duty-joysticks-controller-rt05-diagram.jpg\u00bb][\/vc_column][\/vc_row]<\/p>\n<\/div>","protected":false},"excerpt":{"rendered":"<h5>Caracter\u00edsticas Clave:<\/h5>\n<ul>\n<li>Control de un solo eje;<\/li>\n<li>Potenci\u00f3metro o sensor de efecto Hall;<\/li>\n<li>Construcci\u00f3n totalmente met\u00e1lica, dise\u00f1o completamente sellado;<\/li>\n<li>Disponible con diversas empu\u00f1aduras multifuncionales;<\/li>\n<li>Retorno al centro por resorte o operaci\u00f3n de retenci\u00f3n por fricci\u00f3n;<\/li>\n<li>Excelente salida proporcional anal\u00f3gica o salida de se\u00f1al de conmutaci\u00f3n;<\/li>\n<li>F\u00e1cil de instalar, operaci\u00f3n flexible, textura uniforme, libre de mantenimiento;<\/li>\n<li>Aprobado por CE;<\/li>\n<li>Cumple con RoHS 2011\/65\/EU, Anexo II, incluyendo (EU) 2015\/863;<\/li>\n<\/ul>\n","protected":false},"featured_media":35199,"template":"","meta":[],"product_brand":[],"product_cat":[15],"product_tag":[],"class_list":{"0":"post-35581","1":"product","2":"type-product","3":"status-publish","4":"has-post-thumbnail","6":"product_cat-industrial-joystick-controller","7":"description-off","9":"first","10":"instock","11":"featured","12":"shipping-taxable","13":"product-type-simple"},"aioseo_notices":[],"_links":{"self":[{"href":"https:\/\/www.runntech.com\/es\/wp-json\/wp\/v2\/product\/35581","targetHints":{"allow":["GET"]}}],"collection":[{"href":"https:\/\/www.runntech.com\/es\/wp-json\/wp\/v2\/product"}],"about":[{"href":"https:\/\/www.runntech.com\/es\/wp-json\/wp\/v2\/types\/product"}],"wp:featuredmedia":[{"embeddable":true,"href":"https:\/\/www.runntech.com\/es\/wp-json\/wp\/v2\/media\/35199"}],"wp:attachment":[{"href":"https:\/\/www.runntech.com\/es\/wp-json\/wp\/v2\/media?parent=35581"}],"wp:term":[{"taxonomy":"product_brand","embeddable":true,"href":"https:\/\/www.runntech.com\/es\/wp-json\/wp\/v2\/product_brand?post=35581"},{"taxonomy":"product_cat","embeddable":true,"href":"https:\/\/www.runntech.com\/es\/wp-json\/wp\/v2\/product_cat?post=35581"},{"taxonomy":"product_tag","embeddable":true,"href":"https:\/\/www.runntech.com\/es\/wp-json\/wp\/v2\/product_tag?post=35581"}],"curies":[{"name":"wp","href":"https:\/\/api.w.org\/{rel}","templated":true}]}}