{"id":35585,"date":"2010-05-16T20:18:35","date_gmt":"2010-05-16T12:18:35","guid":{"rendered":"https:\/\/www.runntech.com\/product\/proportional-accelerator-foot-pedal-f100\/"},"modified":"2024-05-24T15:42:15","modified_gmt":"2024-05-24T07:42:15","slug":"proportional-accelerator-foot-pedal-f100","status":"publish","type":"product","link":"https:\/\/www.runntech.com\/es\/product\/proportional-accelerator-foot-pedal-f100\/","title":{"rendered":"Pedal de Acelerador Proporcional | F100"},"content":{"rendered":"<div class=\"wpb-content-wrapper\"><p>\nEl pedal acelerador proporcional RunnTech F100 se utiliza principalmente en el control proporcional hidr\u00e1ulico y el control de motores de frecuencia variable, como en plataformas de perforaci\u00f3n rotatoria, camiones de bomberos a\u00e9reos, veh\u00edculos el\u00e9ctricos, etc.\n<\/p>\n<p>[vc_row][vc_column]<div class=\"gap\" style=\"line-height: 10px; height: 10px;\"><\/div>[\/vc_column][\/vc_row][vc_row][vc_column]<div class=\"gap\" style=\"line-height: 20px; height: 20px;\"><\/div>[vc_text_separator title=\u00bbF100 Proportional Accelerator Pedal Diagram\u00bb el_width=\u00bb80&#8243;][\/vc_column][\/vc_row]<\/p>\n<\/p>\n<p>[vc_row][vc_column][vc_single_image source=\u00bbexternal_link\u00bb alignment=\u00bbcenter\u00bb custom_src=\u00bbhttps:\/\/www.runntech.com\/uploads\/f100-proportional-accelerator-foot-pedal-installation.jpg\u00bb][\/vc_column][\/vc_row]<\/p>\n<\/div>","protected":false},"excerpt":{"rendered":"<h5>Caracter\u00edsticas Clave:<\/h5>\n<ul>\n<li>Sensor de potenci\u00f3metro o sensor Hall;<\/li>\n<li>Control de circuito modular de 0-10V;<\/li>\n<li>Instalaci\u00f3n modular, operaci\u00f3n flexible, larga vida \u00fatil, sin necesidad de mantenimiento;<\/li>\n<li>Aprobado por CE;<\/li>\n<li>Cumple con RoHS 2011\/65\/EU, Anexo II, incluido (UE) 2015\/863;<\/li>\n<\/ul>\n","protected":false},"featured_media":35023,"template":"","meta":[],"product_brand":[],"product_cat":[17],"product_tag":[],"class_list":{"0":"post-35585","1":"product","2":"type-product","3":"status-publish","4":"has-post-thumbnail","6":"product_cat-accelerator-foot-pedal","7":"description-off","9":"first","10":"instock","11":"featured","12":"shipping-taxable","13":"product-type-simple"},"aioseo_notices":[],"_links":{"self":[{"href":"https:\/\/www.runntech.com\/es\/wp-json\/wp\/v2\/product\/35585","targetHints":{"allow":["GET"]}}],"collection":[{"href":"https:\/\/www.runntech.com\/es\/wp-json\/wp\/v2\/product"}],"about":[{"href":"https:\/\/www.runntech.com\/es\/wp-json\/wp\/v2\/types\/product"}],"wp:featuredmedia":[{"embeddable":true,"href":"https:\/\/www.runntech.com\/es\/wp-json\/wp\/v2\/media\/35023"}],"wp:attachment":[{"href":"https:\/\/www.runntech.com\/es\/wp-json\/wp\/v2\/media?parent=35585"}],"wp:term":[{"taxonomy":"product_brand","embeddable":true,"href":"https:\/\/www.runntech.com\/es\/wp-json\/wp\/v2\/product_brand?post=35585"},{"taxonomy":"product_cat","embeddable":true,"href":"https:\/\/www.runntech.com\/es\/wp-json\/wp\/v2\/product_cat?post=35585"},{"taxonomy":"product_tag","embeddable":true,"href":"https:\/\/www.runntech.com\/es\/wp-json\/wp\/v2\/product_tag?post=35585"}],"curies":[{"name":"wp","href":"https:\/\/api.w.org\/{rel}","templated":true}]}}