{"id":35637,"date":"2010-05-08T19:16:39","date_gmt":"2010-05-08T11:16:39","guid":{"rendered":"https:\/\/www.runntech.com\/product\/joystick-linde-7919040043-double-lever-replacement\/"},"modified":"2024-05-25T16:34:28","modified_gmt":"2024-05-25T08:34:28","slug":"joystick-linde-7919040043-double-lever-replacement","status":"publish","type":"product","link":"https:\/\/www.runntech.com\/es\/product\/joystick-linde-7919040043-double-lever-replacement\/","title":{"rendered":"Joystick | Reemplazo de doble palanca Linde 7919040043"},"content":{"rendered":"<p>Se ajusta a los siguientes modelos de Linde:<br \/>\n116 R14X\/R16X\/R17X\/R17XHD<br \/>\n116-02 R14X\/R16X\/R17X\/R17XHD<br \/>\n116-03 R14X\/R16X\/R17X\/R17XHD-03<br \/>\n1313-01 H25\/27\/30\/32<br \/>\n1401 H100\/H120\/H140\/H150\/H160\/H180<br \/>\n1401 H100\/H120\/H140\/H150\/H160\/H180 &#8211; T4<br \/>\n1402 H180,H200,H220,H250,H280,H300,H320<br \/>\n318 C90\/5, C90\/6, C90\/7, C90\/8<br \/>\n335-02 E14\/16\/18\/20 &#8211; 02<br \/>\n335-02 E16\/20-02<br \/>\n335-03 E16\/20-03<br \/>\n336-02 E20\/25\/30 &#8211; 02<br \/>\n336-03 E25\/30 &#8211; 03<br \/>\n336-31 E25\/30 Ex S &#8211; Zone 2, 22 (3G, 3D) with gas safety<br \/>\n346 E18\/20\/20P<br \/>\n359 H100\/H120\/H140\/H150\/H160\/H180 &#8211; T2<br \/>\n359 H100\/H120\/H140\/H150\/H160\/H180 &#8211; T3<br \/>\n386 E12\/14\/15\/16\/18\/20<br \/>\n391-01 H14\/16\/18\/20<br \/>\n392-01 H20\/25<br \/>\n393-01 H25\/30\/35<br \/>\n394-01 H40\/45\/50<br \/>\n396-01 H50\/60\/70\/80<\/p>\n","protected":false},"excerpt":{"rendered":"<h5>Caracter\u00edsticas principales:<\/h5>\n<ul>\n<li>Control de un solo eje, doble palanca;<\/li>\n<li>Retorno al centro por resorte mec\u00e1nico;<\/li>\n<li>Excelente salida de se\u00f1al proporcional anal\u00f3gica;<\/li>\n<li>F\u00e1cil instalaci\u00f3n, operaci\u00f3n flexible, sin mantenimiento;<\/li>\n<li>Aprobado por CE;<\/li>\n<li>Cumple con RoHS 2011\/65\/EU, Anexo II, incluyendo (EU) 2015\/863;<\/li>\n<ul>\n","protected":false},"featured_media":35151,"template":"","meta":[],"product_brand":[],"product_cat":[20],"product_tag":[],"class_list":{"0":"post-35637","1":"product","2":"type-product","3":"status-publish","4":"has-post-thumbnail","6":"product_cat-material-handling-joysticks","7":"description-off","9":"first","10":"instock","11":"shipping-taxable","12":"product-type-simple"},"aioseo_notices":[],"_links":{"self":[{"href":"https:\/\/www.runntech.com\/es\/wp-json\/wp\/v2\/product\/35637","targetHints":{"allow":["GET"]}}],"collection":[{"href":"https:\/\/www.runntech.com\/es\/wp-json\/wp\/v2\/product"}],"about":[{"href":"https:\/\/www.runntech.com\/es\/wp-json\/wp\/v2\/types\/product"}],"wp:featuredmedia":[{"embeddable":true,"href":"https:\/\/www.runntech.com\/es\/wp-json\/wp\/v2\/media\/35151"}],"wp:attachment":[{"href":"https:\/\/www.runntech.com\/es\/wp-json\/wp\/v2\/media?parent=35637"}],"wp:term":[{"taxonomy":"product_brand","embeddable":true,"href":"https:\/\/www.runntech.com\/es\/wp-json\/wp\/v2\/product_brand?post=35637"},{"taxonomy":"product_cat","embeddable":true,"href":"https:\/\/www.runntech.com\/es\/wp-json\/wp\/v2\/product_cat?post=35637"},{"taxonomy":"product_tag","embeddable":true,"href":"https:\/\/www.runntech.com\/es\/wp-json\/wp\/v2\/product_tag?post=35637"}],"curies":[{"name":"wp","href":"https:\/\/api.w.org\/{rel}","templated":true}]}}