{"id":35649,"date":"2010-05-06T18:02:12","date_gmt":"2010-05-06T10:02:12","guid":{"rendered":"https:\/\/www.runntech.com\/product\/joystick-kalmar-reach-stacker-920943-0058-replacement\/"},"modified":"2024-05-25T17:06:56","modified_gmt":"2024-05-25T09:06:56","slug":"joystick-kalmar-reach-stacker-920943-0058-replacement","status":"publish","type":"product","link":"https:\/\/www.runntech.com\/es\/product\/joystick-kalmar-reach-stacker-920943-0058-replacement\/","title":{"rendered":"Joystick | Reemplazo para manipulador telesc\u00f3pico Kalmar 920943.0058"},"content":{"rendered":"<div class=\"wpb-content-wrapper\"><p>\n\tJoystick de control multifuncional con 6 interruptores (2 iluminados, 3 botones y 1 gatillo de hombre muerto) y 1 controlador de joystick de rueda proporcional para el pulgar para Kalmar (920943.0058) equipo de manejo de materiales de puerto de apilador de contenedores (tipo de potenci\u00f3metros montados externamente) con conector est\u00e1ndar DB25 macho de 25 pines anal\u00f3gico para conexiones en serie (n\u00famero de pieza de RunnTech: RT90JAM-4U-46R4GP, n\u00famero de pieza de Kalmar: Servo Control 920943.0058 o 9209430058).\n<\/p>\n<p>[vc_row][vc_column]<div class=\"gap\" style=\"line-height: 10px; height: 10px;\"><\/div>[\/vc_column][\/vc_row][vc_row][vc_column]<div class=\"gap\" style=\"line-height: 20px; height: 20px;\"><\/div>[vc_text_separator title=\u00bbKalmar Joystick | 920943.0058 Diagram\u00bb el_width=\u00bb80&#8243;][\/vc_column][\/vc_row]<\/p>\n<p>[vc_row][vc_column][vc_single_image source=\u00bbexternal_link\u00bb alignment=\u00bbcenter\u00bb custom_src=\u00bbhttps:\/\/www.runntech.com\/uploads\/rt90jam-multi-axis-cobra-shaped-knob-joystick-controller-diagram.jpg\u00bb][\/vc_column][\/vc_row]<\/p>\n<\/div>","protected":false},"excerpt":{"rendered":"<h5>Caracter\u00edsticas clave:<\/h5>\n<ul>\n<li>N\u00famero de pieza: RT90JAM-4U-46R4GP (920943.0058);<\/li>\n<li>3 ejes, movimiento omnidireccional;<\/li>\n<li>Operaci\u00f3n de autocentrado;<\/li>\n<li>Voltaje de entrada: 5Vdc;<\/li>\n<li>Voltaje de salida: 0.4&#8230;2.5&#8230;4.6Vdc;<\/li>\n<li>Resistencia: 5K\u03a9;<\/li>\n<li>Aprobado por CE;<\/li>\n<li>Cumple con RoHS 2011\/65\/EU, Anexo II, incluyendo (EU) 2015\/863;<\/li>\n<ul>\n","protected":false},"featured_media":35075,"template":"","meta":[],"product_brand":[],"product_cat":[20],"product_tag":[],"class_list":{"0":"post-35649","1":"product","2":"type-product","3":"status-publish","4":"has-post-thumbnail","6":"product_cat-material-handling-joysticks","7":"description-off","9":"first","10":"instock","11":"shipping-taxable","12":"product-type-simple"},"aioseo_notices":[],"_links":{"self":[{"href":"https:\/\/www.runntech.com\/es\/wp-json\/wp\/v2\/product\/35649","targetHints":{"allow":["GET"]}}],"collection":[{"href":"https:\/\/www.runntech.com\/es\/wp-json\/wp\/v2\/product"}],"about":[{"href":"https:\/\/www.runntech.com\/es\/wp-json\/wp\/v2\/types\/product"}],"wp:featuredmedia":[{"embeddable":true,"href":"https:\/\/www.runntech.com\/es\/wp-json\/wp\/v2\/media\/35075"}],"wp:attachment":[{"href":"https:\/\/www.runntech.com\/es\/wp-json\/wp\/v2\/media?parent=35649"}],"wp:term":[{"taxonomy":"product_brand","embeddable":true,"href":"https:\/\/www.runntech.com\/es\/wp-json\/wp\/v2\/product_brand?post=35649"},{"taxonomy":"product_cat","embeddable":true,"href":"https:\/\/www.runntech.com\/es\/wp-json\/wp\/v2\/product_cat?post=35649"},{"taxonomy":"product_tag","embeddable":true,"href":"https:\/\/www.runntech.com\/es\/wp-json\/wp\/v2\/product_tag?post=35649"}],"curies":[{"name":"wp","href":"https:\/\/api.w.org\/{rel}","templated":true}]}}